
{"id":191,"date":"2025-12-13T06:15:36","date_gmt":"2025-12-13T06:15:36","guid":{"rendered":"https:\/\/www.yoplaci.com\/?post_type=product&#038;p=191"},"modified":"2025-12-13T06:52:17","modified_gmt":"2025-12-13T06:52:17","slug":"degue","status":"publish","type":"product","link":"https:\/\/www.yoplaci.com\/?product=degue","title":{"rendered":"D\u00eagu\u00ea"},"content":{"rendered":"<p>D\u00eagu\u00ea en bouteille<\/p>\n<p>250 ml<\/p>\n","protected":false},"excerpt":{"rendered":"<p><img loading=\"lazy\" decoding=\"async\" class=\"alignnone size-medium wp-image-183\" src=\"https:\/\/www.yoplaci.com\/wp-content\/uploads\/2025\/12\/ChatGPT_Image_13_dec._2025__04_28_38-removebg-preview-200x300.png\" alt=\"\" width=\"200\" height=\"300\" srcset=\"https:\/\/www.yoplaci.com\/wp-content\/uploads\/2025\/12\/ChatGPT_Image_13_dec._2025__04_28_38-removebg-preview-200x300.png 200w, https:\/\/www.yoplaci.com\/wp-content\/uploads\/2025\/12\/ChatGPT_Image_13_dec._2025__04_28_38-removebg-preview.png 408w\" sizes=\"auto, (max-width: 200px) 100vw, 200px\" \/><\/p>\n","protected":false},"featured_media":183,"comment_status":"open","ping_status":"closed","template":"","meta":[],"product_brand":[],"product_cat":[19],"product_tag":[],"class_list":{"0":"post-191","1":"product","2":"type-product","3":"status-publish","4":"has-post-thumbnail","6":"product_cat-degue","8":"first","9":"instock","10":"taxable","11":"shipping-taxable","12":"purchasable","13":"product-type-simple"},"jetpack_sharing_enabled":true,"_links":{"self":[{"href":"https:\/\/www.yoplaci.com\/index.php?rest_route=\/wp\/v2\/product\/191","targetHints":{"allow":["GET"]}}],"collection":[{"href":"https:\/\/www.yoplaci.com\/index.php?rest_route=\/wp\/v2\/product"}],"about":[{"href":"https:\/\/www.yoplaci.com\/index.php?rest_route=\/wp\/v2\/types\/product"}],"replies":[{"embeddable":true,"href":"https:\/\/www.yoplaci.com\/index.php?rest_route=%2Fwp%2Fv2%2Fcomments&post=191"}],"wp:featuredmedia":[{"embeddable":true,"href":"https:\/\/www.yoplaci.com\/index.php?rest_route=\/wp\/v2\/media\/183"}],"wp:attachment":[{"href":"https:\/\/www.yoplaci.com\/index.php?rest_route=%2Fwp%2Fv2%2Fmedia&parent=191"}],"wp:term":[{"taxonomy":"product_brand","embeddable":true,"href":"https:\/\/www.yoplaci.com\/index.php?rest_route=%2Fwp%2Fv2%2Fproduct_brand&post=191"},{"taxonomy":"product_cat","embeddable":true,"href":"https:\/\/www.yoplaci.com\/index.php?rest_route=%2Fwp%2Fv2%2Fproduct_cat&post=191"},{"taxonomy":"product_tag","embeddable":true,"href":"https:\/\/www.yoplaci.com\/index.php?rest_route=%2Fwp%2Fv2%2Fproduct_tag&post=191"}],"curies":[{"name":"wp","href":"https:\/\/api.w.org\/{rel}","templated":true}]}}